{"id":29,"date":"2025-09-09T15:11:59","date_gmt":"2025-09-09T15:11:59","guid":{"rendered":"https:\/\/chenway-process.ru\/?post_type=product&#038;p=29"},"modified":"2026-01-27T09:26:21","modified_gmt":"2026-01-27T09:26:21","slug":"wsa-wet-process-sulfuric-acid-3","status":"publish","type":"product","link":"https:\/\/www.chenway-process.com\/de\/product\/wsa-wet-process-sulfuric-acid-3\/","title":{"rendered":"WSA-Schwefels\u00e4ure im Nassverfahren - S\u00e4urespr\u00fchsteuerger\u00e4t MCU"},"featured_media":89,"template":"","meta":{"_acf_changed":false},"tags":[],"product-category":[3],"class_list":["post-29","product","type-product","status-publish","has-post-thumbnail","hentry","product-category-wet-process-for-acid-production"],"acf":[],"_links":{"self":[{"href":"https:\/\/www.chenway-process.com\/de\/wp-json\/wp\/v2\/product\/29","targetHints":{"allow":["GET"]}}],"collection":[{"href":"https:\/\/www.chenway-process.com\/de\/wp-json\/wp\/v2\/product"}],"about":[{"href":"https:\/\/www.chenway-process.com\/de\/wp-json\/wp\/v2\/types\/product"}],"wp:featuredmedia":[{"embeddable":true,"href":"https:\/\/www.chenway-process.com\/de\/wp-json\/wp\/v2\/media\/89"}],"wp:attachment":[{"href":"https:\/\/www.chenway-process.com\/de\/wp-json\/wp\/v2\/media?parent=29"}],"wp:term":[{"taxonomy":"post_tag","embeddable":true,"href":"https:\/\/www.chenway-process.com\/de\/wp-json\/wp\/v2\/tags?post=29"},{"taxonomy":"product-category","embeddable":true,"href":"https:\/\/www.chenway-process.com\/de\/wp-json\/wp\/v2\/product-category?post=29"}],"curies":[{"name":"wp","href":"https:\/\/api.w.org\/{rel}","templated":true}]}}