{"id":315,"date":"2025-09-21T09:15:09","date_gmt":"2025-09-21T09:15:09","guid":{"rendered":"https:\/\/chenway-process.ru\/?post_type=product&#038;p=315"},"modified":"2026-01-27T09:14:34","modified_gmt":"2026-01-27T09:14:34","slug":"acid-pipe-down-the-drain-pipe","status":"publish","type":"product","link":"https:\/\/www.chenway-process.com\/es\/product\/acid-pipe-down-the-drain-pipe\/","title":{"rendered":"WSA-Proceso h\u00famedo de \u00e1cido sulf\u00farico - Tuber\u00eda de desag\u00fce (WSA CONDENSADOR Tuber\u00eda de desag\u00fce de \u00e1cido - Bloque 1 TUBER\u00cdA PENDIENTE)"},"featured_media":125,"template":"","meta":{"_acf_changed":false},"tags":[],"product-category":[3],"class_list":["post-315","product","type-product","status-publish","has-post-thumbnail","hentry","product-category-wet-process-for-acid-production"],"acf":[],"_links":{"self":[{"href":"https:\/\/www.chenway-process.com\/es\/wp-json\/wp\/v2\/product\/315","targetHints":{"allow":["GET"]}}],"collection":[{"href":"https:\/\/www.chenway-process.com\/es\/wp-json\/wp\/v2\/product"}],"about":[{"href":"https:\/\/www.chenway-process.com\/es\/wp-json\/wp\/v2\/types\/product"}],"wp:featuredmedia":[{"embeddable":true,"href":"https:\/\/www.chenway-process.com\/es\/wp-json\/wp\/v2\/media\/125"}],"wp:attachment":[{"href":"https:\/\/www.chenway-process.com\/es\/wp-json\/wp\/v2\/media?parent=315"}],"wp:term":[{"taxonomy":"post_tag","embeddable":true,"href":"https:\/\/www.chenway-process.com\/es\/wp-json\/wp\/v2\/tags?post=315"},{"taxonomy":"product-category","embeddable":true,"href":"https:\/\/www.chenway-process.com\/es\/wp-json\/wp\/v2\/product-category?post=315"}],"curies":[{"name":"wp","href":"https:\/\/api.w.org\/{rel}","templated":true}]}}