{"id":321,"date":"2025-09-21T09:21:24","date_gmt":"2025-09-21T09:21:24","guid":{"rendered":"https:\/\/chenway-process.ru\/?post_type=product&#038;p=321"},"modified":"2026-01-27T09:17:34","modified_gmt":"2026-01-27T09:17:34","slug":"flue-gas-inlet-and-outlet-compensators","status":"publish","type":"product","link":"https:\/\/www.chenway-process.com\/es\/product\/flue-gas-inlet-and-outlet-compensators\/","title":{"rendered":"WSA-Proceso h\u00famedo de \u00e1cido sulf\u00farico-Compensadores para entradas y salidas de gases de combusti\u00f3n"},"featured_media":150,"template":"","meta":{"_acf_changed":false},"tags":[],"product-category":[3],"class_list":["post-321","product","type-product","status-publish","has-post-thumbnail","hentry","product-category-wet-process-for-acid-production"],"acf":[],"_links":{"self":[{"href":"https:\/\/www.chenway-process.com\/es\/wp-json\/wp\/v2\/product\/321","targetHints":{"allow":["GET"]}}],"collection":[{"href":"https:\/\/www.chenway-process.com\/es\/wp-json\/wp\/v2\/product"}],"about":[{"href":"https:\/\/www.chenway-process.com\/es\/wp-json\/wp\/v2\/types\/product"}],"wp:featuredmedia":[{"embeddable":true,"href":"https:\/\/www.chenway-process.com\/es\/wp-json\/wp\/v2\/media\/150"}],"wp:attachment":[{"href":"https:\/\/www.chenway-process.com\/es\/wp-json\/wp\/v2\/media?parent=321"}],"wp:term":[{"taxonomy":"post_tag","embeddable":true,"href":"https:\/\/www.chenway-process.com\/es\/wp-json\/wp\/v2\/tags?post=321"},{"taxonomy":"product-category","embeddable":true,"href":"https:\/\/www.chenway-process.com\/es\/wp-json\/wp\/v2\/product-category?post=321"}],"curies":[{"name":"wp","href":"https:\/\/api.w.org\/{rel}","templated":true}]}}