{"id":702,"date":"2025-11-11T09:33:21","date_gmt":"2025-11-11T09:33:21","guid":{"rendered":"https:\/\/chenway-process.ru\/?page_id=702"},"modified":"2026-01-14T08:49:14","modified_gmt":"2026-01-14T08:49:14","slug":"project","status":"publish","type":"page","link":"https:\/\/www.chenway-process.com\/fr\/project\/","title":{"rendered":"Cas de projets"},"content":{"rendered":"<div data-elementor-type=\"wp-page\" data-elementor-id=\"702\" class=\"elementor elementor-702\" data-elementor-post-type=\"page\">\n\t\t\t\t<div class=\"elementor-element elementor-element-f315fab e-con-full e-flex e-con e-parent\" data-id=\"f315fab\" data-element_type=\"container\" data-settings=\"{&quot;ekit_has_onepagescroll_dot&quot;:&quot;yes&quot;}\">\n\t\t\t\t<div class=\"elementor-element elementor-element-a4f0be8 elementor--h-position-center elementor--v-position-middle elementor-arrows-position-inside elementor-pagination-position-inside elementor-widget elementor-widget-slides\" data-id=\"a4f0be8\" data-element_type=\"widget\" data-settings=\"{&quot;navigation&quot;:&quot;both&quot;,&quot;autoplay&quot;:&quot;yes&quot;,&quot;pause_on_hover&quot;:&quot;yes&quot;,&quot;pause_on_interaction&quot;:&quot;yes&quot;,&quot;autoplay_speed&quot;:5000,&quot;infinite&quot;:&quot;yes&quot;,&quot;transition&quot;:&quot;slide&quot;,&quot;transition_speed&quot;:500,&quot;ekit_we_effect_on&quot;:&quot;none&quot;}\" data-widget_type=\"slides.default\">\n\t\t\t\t\t\t\t\t\t\t<div class=\"elementor-slides-wrapper elementor-main-swiper swiper\" role=\"region\" aria-roledescription=\"carousel\" aria-label=\"Diapositives\" dir=\"ltr\" data-animation=\"fadeInUp\">\n\t\t\t\t<div class=\"swiper-wrapper elementor-slides\">\n\t\t\t\t\t\t\t\t\t\t<div class=\"elementor-repeater-item-7e6b099 swiper-slide\" role=\"group\" aria-roledescription=\"slide\"><div class=\"swiper-slide-bg\" role=\"img\"><\/div><div class=\"swiper-slide-inner\" ><div class=\"swiper-slide-contents\"><div class=\"elementor-slide-heading\">Cas de projets<\/div><div class=\"elementor-slide-description\">Accueil\/Cas de projets<\/div><\/div><\/div><\/div>\t\t\t\t<\/div>\n\t\t\t\t\t\t\t<\/div>\n\t\t\t\t\t\t\t\t<\/div>\n\t\t\t\t<\/div>\n\t\t<div class=\"elementor-element elementor-element-8e5daaf e-flex e-con-boxed e-con e-parent\" data-id=\"8e5daaf\" data-element_type=\"container\" data-settings=\"{&quot;ekit_has_onepagescroll_dot&quot;:&quot;yes&quot;}\">\n\t\t\t\t\t<div class=\"e-con-inner\">\n\t\t<div class=\"elementor-element elementor-element-a33e440 e-con-full e-flex e-con e-child\" data-id=\"a33e440\" data-element_type=\"container\" data-settings=\"{&quot;ekit_has_onepagescroll_dot&quot;:&quot;yes&quot;}\">\n\t\t\t\t<div class=\"elementor-element elementor-element-ab43fef ekit-equal-height-enable elementor-widget elementor-widget-elementskit-image-box\" data-id=\"ab43fef\" data-element_type=\"widget\" data-settings=\"{&quot;ekit_we_effect_on&quot;:&quot;none&quot;}\" data-widget_type=\"elementskit-image-box.default\">\n\t\t\t\t\t<div class=\"ekit-wid-con\" >\n            <div class=\"elementskit-info-image-box ekit-image-box text-left style-sideline\" >\n\n                \n                <div class=\"elementskit-box-header image-box-img-left\">\n\n                    <img fetchpriority=\"high\" decoding=\"async\" width=\"1000\" height=\"1300\" src=\"https:\/\/www.chenway-process.com\/wp-content\/uploads\/2025\/11\/\u56fe\u72471.webp\" class=\"attachment-full size-full wp-image-709\" alt=\"\" srcset=\"https:\/\/www.chenway-process.com\/wp-content\/uploads\/2025\/11\/\u56fe\u72471.webp 1000w, https:\/\/www.chenway-process.com\/wp-content\/uploads\/2025\/11\/\u56fe\u72471-231x300.webp 231w, https:\/\/www.chenway-process.com\/wp-content\/uploads\/2025\/11\/\u56fe\u72471-788x1024.webp 788w, https:\/\/www.chenway-process.com\/wp-content\/uploads\/2025\/11\/\u56fe\u72471-768x998.webp 768w\" sizes=\"(max-width: 1000px) 100vw, 1000px\" \/>\n                <\/div>\n                \n                <div class=\"elementskit-box-body ekit-image-box-body\">\n                    <div class=\"elementskit-box-content ekit-image-box-body-inner\">\n                                                                <div class=\"elementskit-box-style-content\">\n                        Gaz acides issus du raffinage du p\u00e9trole, d'une capacit\u00e9 de 1 million de tonnes par an, au deuxi\u00e8me stade du raffinage du p\u00e9trole                    <\/div>\n                                    <\/div>\n\n                            <\/div>\n            <\/div>\n    <\/div>\t\t\t\t<\/div>\n\t\t\t\t<\/div>\n\t\t<div class=\"elementor-element elementor-element-8d84b25 e-con-full e-flex e-con e-child\" data-id=\"8d84b25\" data-element_type=\"container\" data-settings=\"{&quot;ekit_has_onepagescroll_dot&quot;:&quot;yes&quot;}\">\n\t\t\t\t<div class=\"elementor-element elementor-element-ebf7a25 ekit-equal-height-enable elementor-widget elementor-widget-elementskit-image-box\" data-id=\"ebf7a25\" data-element_type=\"widget\" data-settings=\"{&quot;ekit_we_effect_on&quot;:&quot;none&quot;}\" data-widget_type=\"elementskit-image-box.default\">\n\t\t\t\t\t<div class=\"ekit-wid-con\" >\n            <div class=\"elementskit-info-image-box ekit-image-box text-left style-sideline\" >\n\n                \n                <div class=\"elementskit-box-header image-box-img-left\">\n\n                    <img decoding=\"async\" width=\"1000\" height=\"1300\" src=\"https:\/\/www.chenway-process.com\/wp-content\/uploads\/2025\/11\/\u56fe\u72472.webp\" class=\"attachment-full size-full wp-image-710\" alt=\"\" srcset=\"https:\/\/www.chenway-process.com\/wp-content\/uploads\/2025\/11\/\u56fe\u72472.webp 1000w, https:\/\/www.chenway-process.com\/wp-content\/uploads\/2025\/11\/\u56fe\u72472-231x300.webp 231w, https:\/\/www.chenway-process.com\/wp-content\/uploads\/2025\/11\/\u56fe\u72472-788x1024.webp 788w, https:\/\/www.chenway-process.com\/wp-content\/uploads\/2025\/11\/\u56fe\u72472-768x998.webp 768w\" sizes=\"(max-width: 1000px) 100vw, 1000px\" \/>\n                <\/div>\n                \n                <div class=\"elementskit-box-body ekit-image-box-body\">\n                    <div class=\"elementskit-box-content ekit-image-box-body-inner\">\n                                                                <div class=\"elementskit-box-style-content\">\n                        Processus de production d'acier et de coke, d'une capacit\u00e9 de 100 tonnes par jour (environ 36 000 tonnes par an), le gaz d'alimentation provient du processus de lavage sous vide du carbonate de potassium.                    <\/div>\n                                    <\/div>\n\n                            <\/div>\n            <\/div>\n    <\/div>\t\t\t\t<\/div>\n\t\t\t\t<\/div>\n\t\t<div class=\"elementor-element elementor-element-78ef15b e-con-full e-flex e-con e-child\" data-id=\"78ef15b\" data-element_type=\"container\" data-settings=\"{&quot;ekit_has_onepagescroll_dot&quot;:&quot;yes&quot;}\">\n\t\t\t\t<div class=\"elementor-element elementor-element-c714f9e ekit-equal-height-enable elementor-widget elementor-widget-elementskit-image-box\" data-id=\"c714f9e\" data-element_type=\"widget\" data-settings=\"{&quot;ekit_we_effect_on&quot;:&quot;none&quot;}\" data-widget_type=\"elementskit-image-box.default\">\n\t\t\t\t\t<div class=\"ekit-wid-con\" >\n            <div class=\"elementskit-info-image-box ekit-image-box text-left style-sideline\" >\n\n                \n                <div class=\"elementskit-box-header image-box-img-left\">\n\n                    <img decoding=\"async\" width=\"1000\" height=\"1300\" src=\"https:\/\/www.chenway-process.com\/wp-content\/uploads\/2025\/11\/\u56fe\u72473.webp\" class=\"attachment-full size-full wp-image-711\" alt=\"\" srcset=\"https:\/\/www.chenway-process.com\/wp-content\/uploads\/2025\/11\/\u56fe\u72473.webp 1000w, https:\/\/www.chenway-process.com\/wp-content\/uploads\/2025\/11\/\u56fe\u72473-231x300.webp 231w, https:\/\/www.chenway-process.com\/wp-content\/uploads\/2025\/11\/\u56fe\u72473-788x1024.webp 788w, https:\/\/www.chenway-process.com\/wp-content\/uploads\/2025\/11\/\u56fe\u72473-768x998.webp 768w\" sizes=\"(max-width: 1000px) 100vw, 1000px\" \/>\n                <\/div>\n                \n                <div class=\"elementskit-box-body ekit-image-box-body\">\n                    <div class=\"elementskit-box-content ekit-image-box-body-inner\">\n                                                                <div class=\"elementskit-box-style-content\">\n                        300 tonnes par an (projet d'extension), con\u00e7u pour traiter les gaz acides contenant du sulfure d'hydrog\u00e8ne g\u00e9n\u00e9r\u00e9s par les raffineries en amont                    <\/div>\n                                    <\/div>\n\n                            <\/div>\n            <\/div>\n    <\/div>\t\t\t\t<\/div>\n\t\t\t\t<\/div>\n\t\t\t\t\t<\/div>\n\t\t\t\t<\/div>\n\t\t<div class=\"elementor-element elementor-element-2559a43 e-flex e-con-boxed e-con e-parent\" data-id=\"2559a43\" data-element_type=\"container\" data-settings=\"{&quot;ekit_has_onepagescroll_dot&quot;:&quot;yes&quot;}\">\n\t\t\t\t\t<div class=\"e-con-inner\">\n\t\t<div class=\"elementor-element elementor-element-8c4c703 e-con-full e-flex e-con e-child\" data-id=\"8c4c703\" data-element_type=\"container\" data-settings=\"{&quot;ekit_has_onepagescroll_dot&quot;:&quot;yes&quot;}\">\n\t\t\t\t<div class=\"elementor-element elementor-element-c78dd0d ekit-equal-height-enable elementor-widget elementor-widget-elementskit-image-box\" data-id=\"c78dd0d\" data-element_type=\"widget\" data-settings=\"{&quot;ekit_we_effect_on&quot;:&quot;none&quot;}\" data-widget_type=\"elementskit-image-box.default\">\n\t\t\t\t\t<div class=\"ekit-wid-con\" >\n            <div class=\"elementskit-info-image-box ekit-image-box text-left style-sideline\" >\n\n                \n                <div class=\"elementskit-box-header image-box-img-left\">\n\n                    <img loading=\"lazy\" decoding=\"async\" width=\"1000\" height=\"1300\" src=\"https:\/\/www.chenway-process.com\/wp-content\/uploads\/2025\/11\/\u56fe\u72474.webp\" class=\"attachment-full size-full wp-image-712\" alt=\"\" srcset=\"https:\/\/www.chenway-process.com\/wp-content\/uploads\/2025\/11\/\u56fe\u72474.webp 1000w, https:\/\/www.chenway-process.com\/wp-content\/uploads\/2025\/11\/\u56fe\u72474-231x300.webp 231w, https:\/\/www.chenway-process.com\/wp-content\/uploads\/2025\/11\/\u56fe\u72474-788x1024.webp 788w, https:\/\/www.chenway-process.com\/wp-content\/uploads\/2025\/11\/\u56fe\u72474-768x998.webp 768w\" sizes=\"(max-width: 1000px) 100vw, 1000px\" \/>\n                <\/div>\n                \n                <div class=\"elementskit-box-body ekit-image-box-body\">\n                    <div class=\"elementskit-box-content ekit-image-box-body-inner\">\n                                                                <div class=\"elementskit-box-style-content\">\n                        Gaz acides provenant du traitement de p\u00e9trole d'une capacit\u00e9 de 1 million de tonnes par an \u00e0 la deuxi\u00e8me \u00e9tape du complexe de raffinage                    <\/div>\n                                    <\/div>\n\n                            <\/div>\n            <\/div>\n    <\/div>\t\t\t\t<\/div>\n\t\t\t\t<\/div>\n\t\t<div class=\"elementor-element elementor-element-5da0d82 e-con-full e-flex e-con e-child\" data-id=\"5da0d82\" data-element_type=\"container\" data-settings=\"{&quot;ekit_has_onepagescroll_dot&quot;:&quot;yes&quot;}\">\n\t\t\t\t<div class=\"elementor-element elementor-element-513f2f9 ekit-equal-height-enable elementor-widget elementor-widget-elementskit-image-box\" data-id=\"513f2f9\" data-element_type=\"widget\" data-settings=\"{&quot;ekit_we_effect_on&quot;:&quot;none&quot;}\" data-widget_type=\"elementskit-image-box.default\">\n\t\t\t\t\t<div class=\"ekit-wid-con\" >\n            <div class=\"elementskit-info-image-box ekit-image-box text-left style-sideline\" >\n\n                \n                <div class=\"elementskit-box-header image-box-img-left\">\n\n                    <img loading=\"lazy\" decoding=\"async\" width=\"1000\" height=\"1300\" src=\"https:\/\/www.chenway-process.com\/wp-content\/uploads\/2025\/11\/\u56fe\u72475.webp\" class=\"attachment-full size-full wp-image-713\" alt=\"\" srcset=\"https:\/\/www.chenway-process.com\/wp-content\/uploads\/2025\/11\/\u56fe\u72475.webp 1000w, https:\/\/www.chenway-process.com\/wp-content\/uploads\/2025\/11\/\u56fe\u72475-231x300.webp 231w, https:\/\/www.chenway-process.com\/wp-content\/uploads\/2025\/11\/\u56fe\u72475-788x1024.webp 788w, https:\/\/www.chenway-process.com\/wp-content\/uploads\/2025\/11\/\u56fe\u72475-768x998.webp 768w\" sizes=\"(max-width: 1000px) 100vw, 1000px\" \/>\n                <\/div>\n                \n                <div class=\"elementskit-box-body ekit-image-box-body\">\n                    <div class=\"elementskit-box-content ekit-image-box-body-inner\">\n                                                                <div class=\"elementskit-box-style-content\">\n                        Proc\u00e9d\u00e9 d'\u00e9laboration de l'acier et du coke, d'une capacit\u00e9 de 100 tonnes par jour (environ 36 000 tonnes par an), le gaz d'alimentation provient du proc\u00e9d\u00e9 de lavage sous vide du carbonate de potassium.                    <\/div>\n                                    <\/div>\n\n                            <\/div>\n            <\/div>\n    <\/div>\t\t\t\t<\/div>\n\t\t\t\t<\/div>\n\t\t<div class=\"elementor-element elementor-element-92e39b3 e-con-full e-flex e-con e-child\" data-id=\"92e39b3\" data-element_type=\"container\" data-settings=\"{&quot;ekit_has_onepagescroll_dot&quot;:&quot;yes&quot;}\">\n\t\t\t\t<div class=\"elementor-element elementor-element-9c047eb ekit-equal-height-enable elementor-widget elementor-widget-elementskit-image-box\" data-id=\"9c047eb\" data-element_type=\"widget\" data-settings=\"{&quot;ekit_we_effect_on&quot;:&quot;none&quot;}\" data-widget_type=\"elementskit-image-box.default\">\n\t\t\t\t\t<div class=\"ekit-wid-con\" >\n            <div class=\"elementskit-info-image-box ekit-image-box text-left style-sideline\" >\n\n                \n                <div class=\"elementskit-box-header image-box-img-left\">\n\n                    <img loading=\"lazy\" decoding=\"async\" width=\"1000\" height=\"1300\" src=\"https:\/\/www.chenway-process.com\/wp-content\/uploads\/2025\/11\/\u56fe\u72476.webp\" class=\"attachment-full size-full wp-image-714\" alt=\"\" srcset=\"https:\/\/www.chenway-process.com\/wp-content\/uploads\/2025\/11\/\u56fe\u72476.webp 1000w, https:\/\/www.chenway-process.com\/wp-content\/uploads\/2025\/11\/\u56fe\u72476-231x300.webp 231w, https:\/\/www.chenway-process.com\/wp-content\/uploads\/2025\/11\/\u56fe\u72476-788x1024.webp 788w, https:\/\/www.chenway-process.com\/wp-content\/uploads\/2025\/11\/\u56fe\u72476-768x998.webp 768w\" sizes=\"(max-width: 1000px) 100vw, 1000px\" \/>\n                <\/div>\n                \n                <div class=\"elementskit-box-body ekit-image-box-body\">\n                    <div class=\"elementskit-box-content ekit-image-box-body-inner\">\n                                                                <div class=\"elementskit-box-style-content\">\n                        300 tonnes par an (projet d'expansion) - projet d'expansion con\u00e7u pour traiter les gaz acides contenant du sulfure d'hydrog\u00e8ne g\u00e9n\u00e9r\u00e9s dans les raffineries de p\u00e9trole de niveau sup\u00e9rieur.                    <\/div>\n                                    <\/div>\n\n                            <\/div>\n            <\/div>\n    <\/div>\t\t\t\t<\/div>\n\t\t\t\t<\/div>\n\t\t\t\t\t<\/div>\n\t\t\t\t<\/div>\n\t\t\t\t<\/div>","protected":false},"excerpt":{"rendered":"<p>\u041f\u0440\u043e\u0435\u043a\u0442\u043d\u044b\u0435 \u043a\u0435\u0439\u0441\u044b\u0413\u043b\u0430\u0432\u043d\u0430\u044f\/ \u041f\u0440\u043e\u0435\u043a\u0442\u043d\u044b\u0435 \u043a\u0435\u0439\u0441\u044b \u041a\u0438\u0441\u043b\u044b\u0435 \u0433\u0430\u0437\u044b \u043e\u0442 \u043f\u0435\u0440\u0435\u0440\u0430\u0431\u043e\u0442\u043a\u0438 \u043d\u0435\u0444\u0442\u0438 \u043c\u043e\u0449\u043d\u043e\u0441\u0442\u044c\u044e 1 \u043c\u043b\u043d \u0442\u043e\u043d\u043d\/\u0433\u043e\u0434 \u043d\u0430 \u0432\u0442\u043e\u0440\u043e\u043c \u044d\u0442\u0430\u043f\u0435 \u043d\u0435\u0444\u0442\u0435\u043f\u0435\u0440\u0435\u0440\u0430\u0431\u043e\u0442\u043a\u0438 \u0421\u0442\u0430\u043b\u0435\u043f\u043b\u0430\u0432\u0438\u043b\u044c\u043d\u043e-\u043a\u043e\u043a\u0441\u043e\u0432\u044b\u0439 \u043f\u0440\u043e\u0438\u0437\u0432\u043e\u0434\u0441\u0442\u0432\u0435\u043d\u043d\u044b\u0439 \u043f\u0440\u043e\u0446\u0435\u0441\u0441, \u043c\u043e\u0449\u043d\u043e\u0441\u0442\u044c\u044e 100 \u0442\u043e\u043d\u043d \u0432 \u0434\u0435\u043d\u044c (\u043e\u043a\u043e\u043b\u043e 36 \u0442\u044b\u0441. \u0442\u043e\u043d\u043d \u0432 \u0433\u043e\u0434), \u0438\u0441\u0445\u043e\u0434\u043d\u044b\u0439 \u0433\u0430\u0437 \u043f\u043e\u0441\u0442\u0443\u043f\u0430\u0435\u0442 \u0438\u0437 \u043f\u0440\u043e\u0446\u0435\u0441\u0441\u0430 \u043f\u0440\u043e\u043c\u044b\u0432\u043a\u0438 \u0432\u0430\u043a\u0443\u0443\u043c\u043d\u044b\u043c \u043a\u0430\u0440\u0431\u043e\u043d\u0430\u0442\u043e\u043c \u043a\u0430\u043b\u0438\u044f 300 \u0442\u043e\u043d\u043d \u0432 \u0433\u043e\u0434 (\u043f\u0440\u043e\u0435\u043a\u0442 \u0440\u0430\u0441\u0448\u0438\u0440\u0435\u043d\u0438\u044f), \u043f\u0440\u0435\u0434\u043d\u0430\u0437\u043d\u0430\u0447\u0435\u043d\u043d\u044b\u0439 \u0434\u043b\u044f \u043f\u0435\u0440\u0435\u0440\u0430\u0431\u043e\u0442\u043a\u0438 \u0441\u0435\u0440\u043e\u0432\u043e\u0434\u043e\u0440\u043e\u0434\u0441\u043e\u0434\u0435\u0440\u0436\u0430\u0449\u0438\u0445 \u043a\u0438\u0441\u043b\u044b\u0445 \u0433\u0430\u0437\u043e\u0432, \u043e\u0431\u0440\u0430\u0437\u0443\u044e\u0449\u0438\u0445\u0441\u044f \u043d\u0430 \u0432\u0435\u0440\u0445\u043d\u0435\u0443\u0440\u043e\u0432\u043d\u0435\u0432\u044b\u0445 [&hellip;]<\/p>\n","protected":false},"author":1,"featured_media":0,"parent":0,"menu_order":0,"comment_status":"closed","ping_status":"closed","template":"","meta":{"_acf_changed":false,"footnotes":""},"class_list":["post-702","page","type-page","status-publish","hentry"],"acf":[],"_links":{"self":[{"href":"https:\/\/www.chenway-process.com\/fr\/wp-json\/wp\/v2\/pages\/702","targetHints":{"allow":["GET"]}}],"collection":[{"href":"https:\/\/www.chenway-process.com\/fr\/wp-json\/wp\/v2\/pages"}],"about":[{"href":"https:\/\/www.chenway-process.com\/fr\/wp-json\/wp\/v2\/types\/page"}],"author":[{"embeddable":true,"href":"https:\/\/www.chenway-process.com\/fr\/wp-json\/wp\/v2\/users\/1"}],"replies":[{"embeddable":true,"href":"https:\/\/www.chenway-process.com\/fr\/wp-json\/wp\/v2\/comments?post=702"}],"version-history":[{"count":26,"href":"https:\/\/www.chenway-process.com\/fr\/wp-json\/wp\/v2\/pages\/702\/revisions"}],"predecessor-version":[{"id":1215,"href":"https:\/\/www.chenway-process.com\/fr\/wp-json\/wp\/v2\/pages\/702\/revisions\/1215"}],"wp:attachment":[{"href":"https:\/\/www.chenway-process.com\/fr\/wp-json\/wp\/v2\/media?parent=702"}],"curies":[{"name":"wp","href":"https:\/\/api.w.org\/{rel}","templated":true}]}}