{"id":183,"date":"2025-09-11T04:06:02","date_gmt":"2025-09-11T04:06:02","guid":{"rendered":"https:\/\/chenway-process.ru\/?post_type=product&#038;p=183"},"modified":"2026-01-27T09:21:55","modified_gmt":"2026-01-27T09:21:55","slug":"high-molecular-weight-polyethylene","status":"publish","type":"product","link":"https:\/\/www.chenway-process.com\/fr\/product\/high-molecular-weight-polyethylene\/","title":{"rendered":"UHMW-PE Poly\u00e9thyl\u00e8ne de poids mol\u00e9culaire tr\u00e8s \u00e9lev\u00e9"},"featured_media":293,"template":"","meta":{"_acf_changed":false},"tags":[],"product-category":[14,2],"class_list":["post-183","product","type-product","status-publish","has-post-thumbnail","hentry","product-category-uhmw-pe","product-category-fluoroplastic"],"acf":[],"_links":{"self":[{"href":"https:\/\/www.chenway-process.com\/fr\/wp-json\/wp\/v2\/product\/183","targetHints":{"allow":["GET"]}}],"collection":[{"href":"https:\/\/www.chenway-process.com\/fr\/wp-json\/wp\/v2\/product"}],"about":[{"href":"https:\/\/www.chenway-process.com\/fr\/wp-json\/wp\/v2\/types\/product"}],"wp:featuredmedia":[{"embeddable":true,"href":"https:\/\/www.chenway-process.com\/fr\/wp-json\/wp\/v2\/media\/293"}],"wp:attachment":[{"href":"https:\/\/www.chenway-process.com\/fr\/wp-json\/wp\/v2\/media?parent=183"}],"wp:term":[{"taxonomy":"post_tag","embeddable":true,"href":"https:\/\/www.chenway-process.com\/fr\/wp-json\/wp\/v2\/tags?post=183"},{"taxonomy":"product-category","embeddable":true,"href":"https:\/\/www.chenway-process.com\/fr\/wp-json\/wp\/v2\/product-category?post=183"}],"curies":[{"name":"wp","href":"https:\/\/api.w.org\/{rel}","templated":true}]}}