{"id":307,"date":"2025-09-21T09:05:49","date_gmt":"2025-09-21T09:05:49","guid":{"rendered":"https:\/\/chenway-process.ru\/?post_type=product&#038;p=307"},"modified":"2026-01-27T09:19:24","modified_gmt":"2026-01-27T09:19:24","slug":"mcu-acid-mist-control-unit","status":"publish","type":"product","link":"https:\/\/www.chenway-process.com\/fr\/product\/mcu-acid-mist-control-unit\/","title":{"rendered":"WSA - Acide sulfurique Proc\u00e9d\u00e9 humide - Unit\u00e9 de contr\u00f4le de la mousse acide MCU - C\u00e2blage interne"},"featured_media":89,"template":"","meta":{"_acf_changed":false},"tags":[],"product-category":[3],"class_list":["post-307","product","type-product","status-publish","has-post-thumbnail","hentry","product-category-wet-process-for-acid-production"],"acf":[],"_links":{"self":[{"href":"https:\/\/www.chenway-process.com\/fr\/wp-json\/wp\/v2\/product\/307","targetHints":{"allow":["GET"]}}],"collection":[{"href":"https:\/\/www.chenway-process.com\/fr\/wp-json\/wp\/v2\/product"}],"about":[{"href":"https:\/\/www.chenway-process.com\/fr\/wp-json\/wp\/v2\/types\/product"}],"wp:featuredmedia":[{"embeddable":true,"href":"https:\/\/www.chenway-process.com\/fr\/wp-json\/wp\/v2\/media\/89"}],"wp:attachment":[{"href":"https:\/\/www.chenway-process.com\/fr\/wp-json\/wp\/v2\/media?parent=307"}],"wp:term":[{"taxonomy":"post_tag","embeddable":true,"href":"https:\/\/www.chenway-process.com\/fr\/wp-json\/wp\/v2\/tags?post=307"},{"taxonomy":"product-category","embeddable":true,"href":"https:\/\/www.chenway-process.com\/fr\/wp-json\/wp\/v2\/product-category?post=307"}],"curies":[{"name":"wp","href":"https:\/\/api.w.org\/{rel}","templated":true}]}}