{"id":119,"date":"2025-09-11T03:14:29","date_gmt":"2025-09-11T03:14:29","guid":{"rendered":"https:\/\/chenway-process.ru\/?post_type=product&#038;p=119"},"modified":"2026-01-27T08:55:37","modified_gmt":"2026-01-27T08:55:37","slug":"condenser-lower-tube-sheet","status":"publish","type":"product","link":"https:\/\/www.chenway-process.com\/hu\/product\/condenser-lower-tube-sheet\/","title":{"rendered":"Deflektor.WSA-k\u00e9nsav nedves folyamat- Kondenz\u00e1tor als\u00f3 cs\u0151 t\u00e1bl\u00e1ja (fedett als\u00f3 cs\u0151 t\u00e1bl\u00e1ja, WSA KONDENZOR - az 1. egys\u00e9g fedett als\u00f3 cs\u0151 t\u00e1bl\u00e1ja)"},"featured_media":120,"template":"","meta":{"_acf_changed":false},"tags":[],"product-category":[3],"class_list":["post-119","product","type-product","status-publish","has-post-thumbnail","hentry","product-category-wet-process-for-acid-production"],"acf":[],"_links":{"self":[{"href":"https:\/\/www.chenway-process.com\/hu\/wp-json\/wp\/v2\/product\/119","targetHints":{"allow":["GET"]}}],"collection":[{"href":"https:\/\/www.chenway-process.com\/hu\/wp-json\/wp\/v2\/product"}],"about":[{"href":"https:\/\/www.chenway-process.com\/hu\/wp-json\/wp\/v2\/types\/product"}],"wp:featuredmedia":[{"embeddable":true,"href":"https:\/\/www.chenway-process.com\/hu\/wp-json\/wp\/v2\/media\/120"}],"wp:attachment":[{"href":"https:\/\/www.chenway-process.com\/hu\/wp-json\/wp\/v2\/media?parent=119"}],"wp:term":[{"taxonomy":"post_tag","embeddable":true,"href":"https:\/\/www.chenway-process.com\/hu\/wp-json\/wp\/v2\/tags?post=119"},{"taxonomy":"product-category","embeddable":true,"href":"https:\/\/www.chenway-process.com\/hu\/wp-json\/wp\/v2\/product-category?post=119"}],"curies":[{"name":"wp","href":"https:\/\/api.w.org\/{rel}","templated":true}]}}