{"id":145,"date":"2025-09-11T03:29:13","date_gmt":"2025-09-11T03:29:13","guid":{"rendered":"https:\/\/chenway-process.ru\/?post_type=product&#038;p=145"},"modified":"2026-01-27T09:03:34","modified_gmt":"2026-01-27T09:03:34","slug":"sb33152-i-chemical-protection","status":"publish","type":"product","link":"https:\/\/www.chenway-process.com\/hu\/product\/sb33152-i-chemical-protection\/","title":{"rendered":"SB33152-I K\u00e9miai v\u00e9delem.WSA-k\u00e9nsav nedves elj\u00e1r\u00e1ssal-Cycle savtart\u00e1ly"},"featured_media":147,"template":"","meta":{"_acf_changed":false},"tags":[],"product-category":[3],"class_list":["post-145","product","type-product","status-publish","has-post-thumbnail","hentry","product-category-wet-process-for-acid-production"],"acf":[],"_links":{"self":[{"href":"https:\/\/www.chenway-process.com\/hu\/wp-json\/wp\/v2\/product\/145","targetHints":{"allow":["GET"]}}],"collection":[{"href":"https:\/\/www.chenway-process.com\/hu\/wp-json\/wp\/v2\/product"}],"about":[{"href":"https:\/\/www.chenway-process.com\/hu\/wp-json\/wp\/v2\/types\/product"}],"wp:featuredmedia":[{"embeddable":true,"href":"https:\/\/www.chenway-process.com\/hu\/wp-json\/wp\/v2\/media\/147"}],"wp:attachment":[{"href":"https:\/\/www.chenway-process.com\/hu\/wp-json\/wp\/v2\/media?parent=145"}],"wp:term":[{"taxonomy":"post_tag","embeddable":true,"href":"https:\/\/www.chenway-process.com\/hu\/wp-json\/wp\/v2\/tags?post=145"},{"taxonomy":"product-category","embeddable":true,"href":"https:\/\/www.chenway-process.com\/hu\/wp-json\/wp\/v2\/product-category?post=145"}],"curies":[{"name":"wp","href":"https:\/\/api.w.org\/{rel}","templated":true}]}}