{"id":308,"date":"2025-09-21T09:08:50","date_gmt":"2025-09-21T09:08:50","guid":{"rendered":"https:\/\/chenway-process.ru\/?post_type=product&#038;p=308"},"modified":"2026-01-27T09:19:11","modified_gmt":"2026-01-27T09:19:11","slug":"top-cover-hoisting","status":"publish","type":"product","link":"https:\/\/www.chenway-process.com\/hu\/product\/top-cover-hoisting\/","title":{"rendered":"WSA-k\u00e9nsav nedves elj\u00e1r\u00e1s - A fed\u00e9l felemel\u00e9se \u00e9s felszerel\u00e9se (WSA KONDENZOR FEDEL\u00c9K - BEVONATOTT FELS\u0150 FEDEL\u00c9K)"},"featured_media":103,"template":"","meta":{"_acf_changed":false},"tags":[],"product-category":[3],"class_list":["post-308","product","type-product","status-publish","has-post-thumbnail","hentry","product-category-wet-process-for-acid-production"],"acf":[],"_links":{"self":[{"href":"https:\/\/www.chenway-process.com\/hu\/wp-json\/wp\/v2\/product\/308","targetHints":{"allow":["GET"]}}],"collection":[{"href":"https:\/\/www.chenway-process.com\/hu\/wp-json\/wp\/v2\/product"}],"about":[{"href":"https:\/\/www.chenway-process.com\/hu\/wp-json\/wp\/v2\/types\/product"}],"wp:featuredmedia":[{"embeddable":true,"href":"https:\/\/www.chenway-process.com\/hu\/wp-json\/wp\/v2\/media\/103"}],"wp:attachment":[{"href":"https:\/\/www.chenway-process.com\/hu\/wp-json\/wp\/v2\/media?parent=308"}],"wp:term":[{"taxonomy":"post_tag","embeddable":true,"href":"https:\/\/www.chenway-process.com\/hu\/wp-json\/wp\/v2\/tags?post=308"},{"taxonomy":"product-category","embeddable":true,"href":"https:\/\/www.chenway-process.com\/hu\/wp-json\/wp\/v2\/product-category?post=308"}],"curies":[{"name":"wp","href":"https:\/\/api.w.org\/{rel}","templated":true}]}}