{"id":313,"date":"2025-09-21T09:14:07","date_gmt":"2025-09-21T09:14:07","guid":{"rendered":"https:\/\/chenway-process.ru\/?post_type=product&#038;p=313"},"modified":"2026-01-27T09:18:47","modified_gmt":"2026-01-27T09:18:47","slug":"acid-absorbing-spiral-tube","status":"publish","type":"product","link":"https:\/\/www.chenway-process.com\/hu\/product\/acid-absorbing-spiral-tube\/","title":{"rendered":"WSA-k\u00e9nsav nedves folyamat-spir\u00e1l savleereszt\u0151 cs\u0151 (WSA KONDENZOR - \u00dcvegspir\u00e1lcs\u0151 az 1. egys\u00e9g f\u0151cs\u00f6v\u00e9hez)"},"featured_media":126,"template":"","meta":{"_acf_changed":false},"tags":[],"product-category":[3],"class_list":["post-313","product","type-product","status-publish","has-post-thumbnail","hentry","product-category-wet-process-for-acid-production"],"acf":[],"_links":{"self":[{"href":"https:\/\/www.chenway-process.com\/hu\/wp-json\/wp\/v2\/product\/313","targetHints":{"allow":["GET"]}}],"collection":[{"href":"https:\/\/www.chenway-process.com\/hu\/wp-json\/wp\/v2\/product"}],"about":[{"href":"https:\/\/www.chenway-process.com\/hu\/wp-json\/wp\/v2\/types\/product"}],"wp:featuredmedia":[{"embeddable":true,"href":"https:\/\/www.chenway-process.com\/hu\/wp-json\/wp\/v2\/media\/126"}],"wp:attachment":[{"href":"https:\/\/www.chenway-process.com\/hu\/wp-json\/wp\/v2\/media?parent=313"}],"wp:term":[{"taxonomy":"post_tag","embeddable":true,"href":"https:\/\/www.chenway-process.com\/hu\/wp-json\/wp\/v2\/tags?post=313"},{"taxonomy":"product-category","embeddable":true,"href":"https:\/\/www.chenway-process.com\/hu\/wp-json\/wp\/v2\/product-category?post=313"}],"curies":[{"name":"wp","href":"https:\/\/api.w.org\/{rel}","templated":true}]}}