{"id":316,"date":"2025-09-21T09:15:56","date_gmt":"2025-09-21T09:15:56","guid":{"rendered":"https:\/\/chenway-process.ru\/?post_type=product&#038;p=316"},"modified":"2026-01-27T09:18:30","modified_gmt":"2026-01-27T09:18:30","slug":"upper-tube-sheet-sealing-sleeve","status":"publish","type":"product","link":"https:\/\/www.chenway-process.com\/pl\/product\/upper-tube-sheet-sealing-sleeve\/","title":{"rendered":"Mokry proces kwasu siarkowego WSA - Tuleja uszczelniaj\u0105ca g\u00f3rn\u0105 rur\u0119 skraplacza (WSA CONDENSER - Tuleja uszczelniaj\u0105ca g\u00f3rn\u0105 rur\u0119 skraplacza)"},"featured_media":131,"template":"","meta":{"_acf_changed":false},"tags":[],"product-category":[3],"class_list":["post-316","product","type-product","status-publish","has-post-thumbnail","hentry","product-category-wet-process-for-acid-production"],"acf":[],"_links":{"self":[{"href":"https:\/\/www.chenway-process.com\/pl\/wp-json\/wp\/v2\/product\/316","targetHints":{"allow":["GET"]}}],"collection":[{"href":"https:\/\/www.chenway-process.com\/pl\/wp-json\/wp\/v2\/product"}],"about":[{"href":"https:\/\/www.chenway-process.com\/pl\/wp-json\/wp\/v2\/types\/product"}],"wp:featuredmedia":[{"embeddable":true,"href":"https:\/\/www.chenway-process.com\/pl\/wp-json\/wp\/v2\/media\/131"}],"wp:attachment":[{"href":"https:\/\/www.chenway-process.com\/pl\/wp-json\/wp\/v2\/media?parent=316"}],"wp:term":[{"taxonomy":"post_tag","embeddable":true,"href":"https:\/\/www.chenway-process.com\/pl\/wp-json\/wp\/v2\/tags?post=316"},{"taxonomy":"product-category","embeddable":true,"href":"https:\/\/www.chenway-process.com\/pl\/wp-json\/wp\/v2\/product-category?post=316"}],"curies":[{"name":"wp","href":"https:\/\/api.w.org\/{rel}","templated":true}]}}