{"id":116,"date":"2025-09-11T03:11:21","date_gmt":"2025-09-11T03:11:21","guid":{"rendered":"https:\/\/chenway-process.ru\/?post_type=product&#038;p=116"},"modified":"2026-01-27T09:25:02","modified_gmt":"2026-01-27T09:25:02","slug":"wsa-condenser-housing","status":"publish","type":"product","link":"https:\/\/www.chenway-process.com\/pt\/product\/wsa-condenser-housing\/","title":{"rendered":"WSA-Processo h\u00famido de \u00e1cido sulf\u00farico - Inv\u00f3lucro do condensador"},"featured_media":117,"template":"","meta":{"_acf_changed":false},"tags":[],"product-category":[3],"class_list":["post-116","product","type-product","status-publish","has-post-thumbnail","hentry","product-category-wet-process-for-acid-production"],"acf":[],"_links":{"self":[{"href":"https:\/\/www.chenway-process.com\/pt\/wp-json\/wp\/v2\/product\/116","targetHints":{"allow":["GET"]}}],"collection":[{"href":"https:\/\/www.chenway-process.com\/pt\/wp-json\/wp\/v2\/product"}],"about":[{"href":"https:\/\/www.chenway-process.com\/pt\/wp-json\/wp\/v2\/types\/product"}],"wp:featuredmedia":[{"embeddable":true,"href":"https:\/\/www.chenway-process.com\/pt\/wp-json\/wp\/v2\/media\/117"}],"wp:attachment":[{"href":"https:\/\/www.chenway-process.com\/pt\/wp-json\/wp\/v2\/media?parent=116"}],"wp:term":[{"taxonomy":"post_tag","embeddable":true,"href":"https:\/\/www.chenway-process.com\/pt\/wp-json\/wp\/v2\/tags?post=116"},{"taxonomy":"product-category","embeddable":true,"href":"https:\/\/www.chenway-process.com\/pt\/wp-json\/wp\/v2\/product-category?post=116"}],"curies":[{"name":"wp","href":"https:\/\/api.w.org\/{rel}","templated":true}]}}