{"id":151,"date":"2025-09-11T03:35:38","date_gmt":"2025-09-11T03:35:38","guid":{"rendered":"https:\/\/chenway-process.ru\/?post_type=product&#038;p=151"},"modified":"2026-01-27T09:22:51","modified_gmt":"2026-01-27T09:22:51","slug":"flue-gas-inlet-reducing-flange","status":"publish","type":"product","link":"https:\/\/www.chenway-process.com\/pt\/product\/flue-gas-inlet-reducing-flange\/","title":{"rendered":"Liga\u00e7\u00e3o de entrada de flange conc\u00eantrica para gases de combust\u00e3o"},"featured_media":152,"template":"","meta":{"_acf_changed":false},"tags":[],"product-category":[3],"class_list":["post-151","product","type-product","status-publish","has-post-thumbnail","hentry","product-category-wet-process-for-acid-production"],"acf":[],"_links":{"self":[{"href":"https:\/\/www.chenway-process.com\/pt\/wp-json\/wp\/v2\/product\/151","targetHints":{"allow":["GET"]}}],"collection":[{"href":"https:\/\/www.chenway-process.com\/pt\/wp-json\/wp\/v2\/product"}],"about":[{"href":"https:\/\/www.chenway-process.com\/pt\/wp-json\/wp\/v2\/types\/product"}],"wp:featuredmedia":[{"embeddable":true,"href":"https:\/\/www.chenway-process.com\/pt\/wp-json\/wp\/v2\/media\/152"}],"wp:attachment":[{"href":"https:\/\/www.chenway-process.com\/pt\/wp-json\/wp\/v2\/media?parent=151"}],"wp:term":[{"taxonomy":"post_tag","embeddable":true,"href":"https:\/\/www.chenway-process.com\/pt\/wp-json\/wp\/v2\/tags?post=151"},{"taxonomy":"product-category","embeddable":true,"href":"https:\/\/www.chenway-process.com\/pt\/wp-json\/wp\/v2\/product-category?post=151"}],"curies":[{"name":"wp","href":"https:\/\/api.w.org\/{rel}","templated":true}]}}