{"id":119,"date":"2025-09-11T03:14:29","date_gmt":"2025-09-11T03:14:29","guid":{"rendered":"https:\/\/chenway-process.ru\/?post_type=product&#038;p=119"},"modified":"2026-01-27T08:55:37","modified_gmt":"2026-01-27T08:55:37","slug":"condenser-lower-tube-sheet","status":"publish","type":"product","link":"https:\/\/www.chenway-process.com\/tr\/product\/condenser-lower-tube-sheet\/","title":{"rendered":"Deflekt\u00f6r.WSA-S\u00fclf\u00fcrik Asit Islak Proses- Kondenser Alt Boru Panosu (Kapakl\u0131 Alt Boru Panosu, WSA KONDENSER - \u00dcnite 1'in Kapakl\u0131 Alt Boru Panosu)"},"featured_media":120,"template":"","meta":{"_acf_changed":false},"tags":[],"product-category":[3],"class_list":["post-119","product","type-product","status-publish","has-post-thumbnail","hentry","product-category-wet-process-for-acid-production"],"acf":[],"_links":{"self":[{"href":"https:\/\/www.chenway-process.com\/tr\/wp-json\/wp\/v2\/product\/119","targetHints":{"allow":["GET"]}}],"collection":[{"href":"https:\/\/www.chenway-process.com\/tr\/wp-json\/wp\/v2\/product"}],"about":[{"href":"https:\/\/www.chenway-process.com\/tr\/wp-json\/wp\/v2\/types\/product"}],"wp:featuredmedia":[{"embeddable":true,"href":"https:\/\/www.chenway-process.com\/tr\/wp-json\/wp\/v2\/media\/120"}],"wp:attachment":[{"href":"https:\/\/www.chenway-process.com\/tr\/wp-json\/wp\/v2\/media?parent=119"}],"wp:term":[{"taxonomy":"post_tag","embeddable":true,"href":"https:\/\/www.chenway-process.com\/tr\/wp-json\/wp\/v2\/tags?post=119"},{"taxonomy":"product-category","embeddable":true,"href":"https:\/\/www.chenway-process.com\/tr\/wp-json\/wp\/v2\/product-category?post=119"}],"curies":[{"name":"wp","href":"https:\/\/api.w.org\/{rel}","templated":true}]}}