{"id":123,"date":"2025-09-11T03:18:31","date_gmt":"2025-09-11T03:18:31","guid":{"rendered":"https:\/\/chenway-process.ru\/?post_type=product&#038;p=123"},"modified":"2026-01-27T08:58:07","modified_gmt":"2026-01-27T08:58:07","slug":"drainage-pipe","status":"publish","type":"product","link":"https:\/\/www.chenway-process.com\/tr\/product\/drainage-pipe\/","title":{"rendered":"Drenaj t\u00fcp\u00fc.WSA-S\u00fclf\u00fcrik asit \u0131slak proses-Cam t\u00fcp (Cam t\u00fcp, WSA KONDENSER - \u00dcnite 1'in jantl\u0131 ana t\u00fcp\u00fc)"},"featured_media":124,"template":"","meta":{"_acf_changed":false},"tags":[],"product-category":[3],"class_list":["post-123","product","type-product","status-publish","has-post-thumbnail","hentry","product-category-wet-process-for-acid-production"],"acf":[],"_links":{"self":[{"href":"https:\/\/www.chenway-process.com\/tr\/wp-json\/wp\/v2\/product\/123","targetHints":{"allow":["GET"]}}],"collection":[{"href":"https:\/\/www.chenway-process.com\/tr\/wp-json\/wp\/v2\/product"}],"about":[{"href":"https:\/\/www.chenway-process.com\/tr\/wp-json\/wp\/v2\/types\/product"}],"wp:featuredmedia":[{"embeddable":true,"href":"https:\/\/www.chenway-process.com\/tr\/wp-json\/wp\/v2\/media\/124"}],"wp:attachment":[{"href":"https:\/\/www.chenway-process.com\/tr\/wp-json\/wp\/v2\/media?parent=123"}],"wp:term":[{"taxonomy":"post_tag","embeddable":true,"href":"https:\/\/www.chenway-process.com\/tr\/wp-json\/wp\/v2\/tags?post=123"},{"taxonomy":"product-category","embeddable":true,"href":"https:\/\/www.chenway-process.com\/tr\/wp-json\/wp\/v2\/product-category?post=123"}],"curies":[{"name":"wp","href":"https:\/\/api.w.org\/{rel}","templated":true}]}}